{"id":43,"date":"2011-07-15T19:00:15","date_gmt":"2011-07-15T18:00:15","guid":{"rendered":"http:\/\/mediateca.ravalnet.org\/capsules\/"},"modified":"2025-03-17T13:13:04","modified_gmt":"2025-03-17T12:13:04","slug":"llar-de-lavi","status":"publish","type":"page","link":"https:\/\/mediateca.ravalnet.org\/capsules\/llar-de-lavi\/","title":{"rendered":"Llar de l&#8217;Avi"},"content":{"rendered":"<h2>Representaci\u00f3 en una l\u00ednia de temps interactiva de les C\u00e0psules de mem\u00f2ria de la Llar de l&#8217;Avi.<\/h2>\n<h3>Juliol 2011<\/h3>\n<p>[timeline id=&#8217;llar-de-l-avi&#8217;]<\/p>\n","protected":false},"excerpt":{"rendered":"<p>Representaci\u00f3 en una l\u00ednia de temps interactiva de les C\u00e0psules de mem\u00f2ria de la Llar de l&#8217;Avi. Juliol 2011 [timeline id=&#8217;llar-de-l-avi&#8217;]<\/p>\n","protected":false},"author":3,"featured_media":0,"parent":0,"menu_order":0,"comment_status":"closed","ping_status":"closed","template":"","meta":{"neve_meta_sidebar":"","neve_meta_container":"","neve_meta_enable_content_width":"","neve_meta_content_width":0,"neve_meta_title_alignment":"","neve_meta_author_avatar":"","neve_post_elements_order":"","neve_meta_disable_header":"","neve_meta_disable_footer":"","neve_meta_disable_title":"","_themeisle_gutenberg_block_has_review":false,"footnotes":""},"class_list":["post-43","page","type-page","status-publish","hentry"],"_links":{"self":[{"href":"https:\/\/mediateca.ravalnet.org\/capsules\/wp-json\/wp\/v2\/pages\/43","targetHints":{"allow":["GET"]}}],"collection":[{"href":"https:\/\/mediateca.ravalnet.org\/capsules\/wp-json\/wp\/v2\/pages"}],"about":[{"href":"https:\/\/mediateca.ravalnet.org\/capsules\/wp-json\/wp\/v2\/types\/page"}],"author":[{"embeddable":true,"href":"https:\/\/mediateca.ravalnet.org\/capsules\/wp-json\/wp\/v2\/users\/3"}],"replies":[{"embeddable":true,"href":"https:\/\/mediateca.ravalnet.org\/capsules\/wp-json\/wp\/v2\/comments?post=43"}],"version-history":[{"count":14,"href":"https:\/\/mediateca.ravalnet.org\/capsules\/wp-json\/wp\/v2\/pages\/43\/revisions"}],"predecessor-version":[{"id":45,"href":"https:\/\/mediateca.ravalnet.org\/capsules\/wp-json\/wp\/v2\/pages\/43\/revisions\/45"}],"wp:attachment":[{"href":"https:\/\/mediateca.ravalnet.org\/capsules\/wp-json\/wp\/v2\/media?parent=43"}],"curies":[{"name":"wp","href":"https:\/\/api.w.org\/{rel}","templated":true}]}}