{"id":8,"date":"2010-04-29T08:30:13","date_gmt":"2010-04-29T07:30:13","guid":{"rendered":"http:\/\/mediateca.ravalnet.org\/cgbesports\/about\/"},"modified":"2017-03-16T11:04:09","modified_gmt":"2017-03-16T09:04:09","slug":"about","status":"publish","type":"page","link":"https:\/\/mediateca.ravalnet.org\/cgbesports\/about\/","title":{"rendered":"Torna el CGB"},"content":{"rendered":"<p><strong>El mes de maig de 1933, naixia al Barri el CENTRE GIMN\u00c0STIC BARCELON\u00c8S,<\/strong> la fi primordial del qual era la propagaci\u00f3 de la pr\u00e0ctica activa de la cultura f\u00edsica. Els primers passos v\u00e0rem \u00e9sser donats per un redu\u00eft grup d&#8217;entusiastes de la cultura f\u00edsica i dels esports. Despr\u00e9s de freq\u00fcentar diverses entitats particulars, on mai trobaren plena satisfacci\u00f3 als seus anhels, van decidir crear una Societat que es dediqu\u00e9s a la cultura f\u00edsica i la practica dels esports.<\/p>\n<p>Es va buscar un local que reun\u00eds les necess\u00e0ries condicions al singular carrer del Raval: C\/. Joaquim Costa, 22 &#8211; Barcelona i acte seguit es van iniciar els treballs per a condicionar degudament les diferents sales.<\/p>\n<p style=\"text-align: center;\"><a href=\"http:\/\/mediateca.ravalnet.org\/cgbesports\/?attachment_id=866\"><img loading=\"lazy\" decoding=\"async\" class=\"size-large wp-image-866 aligncenter\" src=\"http:\/\/mediateca.ravalnet.org\/cgbesports\/wp-content\/uploads\/\/sites\/3\/2010\/04\/Socis-Fundadors-1933.jpg\" alt=\"Foto de Fam\u00edlia de part dels socis Fundadors del CGB.\" width=\"695\" height=\"502\" srcset=\"https:\/\/mediateca.ravalnet.org\/cgbesports\/wp-content\/uploads\/\/sites\/3\/2010\/04\/Socis-Fundadors-1933.jpg 900w, https:\/\/mediateca.ravalnet.org\/cgbesports\/wp-content\/uploads\/\/sites\/3\/2010\/04\/Socis-Fundadors-1933-300x217.jpg 300w\" sizes=\"auto, (max-width: 695px) 100vw, 695px\" \/><\/a><\/p>\n<p><strong>SOCIS FUNDADORS DEL CGB MAIG 1933<\/strong><\/p>\n<p>Van transc\u00f3rrer els mesos i la Entitat va anar creixent i afermant-se, i <strong>es crearen les Seccions: Educaci\u00f3 f\u00edsica, Atletisme, Lluita Greco-romana, Muntanya, Halterof\u00edlia, Gimn\u00e0stica esportiva, Ioga, Tenis de taula, Biblioteca, etc.,<\/strong> una darrera l\u2019altra, que al seu torn van emprendre la seva pr\u00f2pia vida esportiva oficial, curullada d\u2019\u00e8xits esportius, mentre que dins les sales es formava un ambient de companyonia i sana amistat que restaria un cl\u00e0ssic en la Entitat.<\/p>\n<p><a href=\"http:\/\/mediateca.ravalnet.org\/cgbesports\/wp-content\/uploads\/\/sites\/3\/2010\/04\/portalJoaquimCosta22.jpg\"><img loading=\"lazy\" decoding=\"async\" class=\"wp-image-65 size-large alignright\" src=\"http:\/\/mediateca.ravalnet.org\/cgbesports\/wp-content\/uploads\/\/sites\/3\/2010\/04\/portalJoaquimCosta22-785x1024.jpg\" alt=\"Portal d'entrada al Centre, c\/ Joaquim Costa 22\" width=\"283\" height=\"368\" \/><\/a>Transcorregudes ja m\u00e9s de set d\u00e8cades des de la fundaci\u00f3 del Centre, sempre amb pas lent i segur, ha seguit caminant cap al llarg de les seves aspiracions i en el compliment de la finalitat per al qual va ser creat, \u00e9s a dir, propagar i facilitar la pr\u00e0ctica de la cultura f\u00edsica i dels esports, entre les classes mes humils. Cosa que ha sigut assolida en el llarg de la seva dilatada hist\u00f2ria a benefici de la Ciutat de Barcelona i del pa\u00eds, aconseguint infinitat de Trofeus<br \/>\nindividuals i col\u00b7lectius, aix\u00ed com destacades participacions dels seus socis federats en les m\u00faltiples convocat\u00f2ries de trobades esportives i Ol\u00edmpiques aconseguint llocs destacats en el \u201cranquing\u201d esportiu nacional i internacional.<\/p>\n<p>Aquesta popular Entitat es va veure obligada a tancar les seves portes en el decurs del Any 2004, malgrat els esfor\u00e7os dels \u00faltims socis que van estar al front del Club i amb molta pena pels milers de barcelonins que, com a Socis d\u2019aquest Centre, hav\u00edem gaudit i participat en aquesta tasca de fer esport amb germanor, distensi\u00f3 i, com no, tamb\u00e9 en esperit de competici\u00f3.<\/p>\n<p style=\"text-align: center;\"><img loading=\"lazy\" decoding=\"async\" class=\"wp-image-60 size-large aligncenter\" src=\"http:\/\/mediateca.ravalnet.org\/cgbesports\/wp-content\/uploads\/\/sites\/3\/2010\/04\/50anys-1024x702.png\" alt=\"50\u00e8 Aniversari del C.G.B. Any 1.983 - Rom\u00e0 Cuy\u00e0s atorga la Placa Reial Ordre\" width=\"614\" height=\"421\" \/><\/p>\n<p><strong>&#8220;50\u00e8 Aniversari del C.G.B. Any 1.983 &#8211; Rom\u00e0 Cuy\u00e0s atorga la Placa Reial Ordre&#8221;<\/strong><\/p>\n<p>No podent oferir per q\u00fcestions econ\u00f2miques, els serveis i prestacions dignes d\u2019un gimn\u00e0s que havia estat entre la \u00e9lite de les grans Entitats esportives de la nostra ciutat i davant d\u2019una situaci\u00f3 econ\u00f2mica insostenible, el barri del Raval es va quedar sense la seva seu esportiva m\u00e9s emblem\u00e0tica en el llarg dels \u00faltims 70 anys, posse\u00efdora d\u2019un palmar\u00e8s impressionant de resultats esportius en les diferents modalitats Federatives, sense oblidar la seva tasca de cohesi\u00f3 social barcelonina.<\/p>\n<p style=\"text-align: center;\"><img loading=\"lazy\" decoding=\"async\" class=\"wp-image-61 size-large aligncenter\" src=\"http:\/\/mediateca.ravalnet.org\/cgbesports\/wp-content\/uploads\/\/sites\/3\/2010\/04\/75anys-1024x702.png\" alt=\"La familia cegebista es reuneix per primer cop\" width=\"614\" height=\"421\" \/><\/p>\n<p><img loading=\"lazy\" decoding=\"async\" class=\"wp-image-64 size-medium alignright\" src=\"http:\/\/mediateca.ravalnet.org\/cgbesports\/wp-content\/uploads\/\/sites\/3\/2010\/04\/pastis75anys-300x241.png\" alt=\"Espectacular llaminadura Ol\u00edmpica\" width=\"243\" height=\"195\" srcset=\"https:\/\/mediateca.ravalnet.org\/cgbesports\/wp-content\/uploads\/\/sites\/3\/2010\/04\/pastis75anys-300x241.png 300w, https:\/\/mediateca.ravalnet.org\/cgbesports\/wp-content\/uploads\/\/sites\/3\/2010\/04\/pastis75anys-1024x823.png 1024w, https:\/\/mediateca.ravalnet.org\/cgbesports\/wp-content\/uploads\/\/sites\/3\/2010\/04\/pastis75anys-900x724.png 900w, https:\/\/mediateca.ravalnet.org\/cgbesports\/wp-content\/uploads\/\/sites\/3\/2010\/04\/pastis75anys.png 1209w\" sizes=\"auto, (max-width: 243px) 100vw, 243px\" \/><br \/>\n<strong>L\u2019any 2008 es va commemorar el 75\u00e8 Aniversari del Centre,<\/strong> i el 23 de maig ja es va celebrar una festa amb un notable \u00e8xit de participaci\u00f3 de 150 antics Socis a l\u2019Hotel Barcel\u00f3 Sants. L\u2019esdeveniment va ser enregistrat per BARCELONA TV en el seu programa: Hola Barcelona, em\u00e8s el dia 04-06-08 i va estar publicat tamb\u00e9, en diverses Revistes del Barri del Raval.<\/p>\n<p>Mentrestant, un grup de veterans, com va succeir en el temps de la seva Fundaci\u00f3, estaven fent corre veus i els passos necessaris, per fer ressorgir de nou el Centre i recuperar la seva mem\u00f2ria hist\u00f2rica.<\/p>\n<p>Avui aquest nou projecte social i esportiu est\u00e0 sustentat a trav\u00e9s de la nostra Associaci\u00f3: Club Gimn\u00e0stic el Raval Barcelon\u00e8s, que ha despertat un gran inter\u00e8s i suport entre els ex socis del CGB i tamb\u00e9 per les Associacions i entitats del Districte. Estem treballant amb l\u2019ambici\u00f3 de retrobar un espai p\u00fablic al Barri per desenvolupar totes aquestes antigues i modernes activitats del Centre, que sigui possible recuperar.<\/p>\n<p><strong>Hem penjat a la xarxa d\u2019Internet una p\u00e0gina ressenya del C.G.B. al Wikip\u00e8dia Universal <\/strong>i hem aconseguit un espai al Arxiu municipal del districte del Raval, per dipositar les pertinences del Centre, trofeus, fotos, etc., i disposen d\u2019una Sala\u00a0al Casal del Barri Folch i Torres C\/ Reina Amalia, 31-33 on ens reunim tots els dimarts de 19.00 a 20.30 h., per dur a terme les iniciatives presents i futures. Tamb\u00e9 estem practicant algunes de les activitats esportives del CGB, com la Lluita Greco romana, la Gimn\u00e0stica ornamental i educativa, el Tennis de taula i el Muntanyisme.<\/p>\n<p>En aquests moments, volem participar en el projecte de la Mediateca del Raval per col\u00b7laborar amb la mem\u00f2ria activa, din\u00e0mica i viva de les m\u00faltiples hist\u00f2ries del Barri del Raval, no sols amb els records per\u00f2 tamb\u00e9 en representacions culturals i esportives en uni\u00f3 dels col\u00b7lectius, entitats i xarxes del barri, a trav\u00e9s d\u2019un espai digital en l\u00ednia, viu i obert a la participaci\u00f3 per afegint-nos en aquest fons de cultura viva que creiem indispensable difondre en benefici de tots.<\/p>\n<p><strong>Club Gimn\u00e0stic el Raval Barcelon\u00e8s.<\/strong><\/p>\n<p style=\"text-align: right;\"><strong>Video d&#8217;un reportatge de la TV-3 em\u00e9s l&#8217;Any 2001 sobre el CGB &#8211; Enlla\u00e7 al YOUTUBE:<\/strong><\/p>\n<p style=\"text-align: right;\"><a href=\"http:\/\/www.youtube.com\/watch?v=Iag7vp4_dl8&amp;feature=share&amp;list=ULIag7vp4_dl8\" target=\"_blank\">http:\/\/www.youtube.com\/watch?v=Iag7vp4_dl8&amp;feature=share&amp;list=ULIag7vp4_dl8<\/a><\/p>\n<p style=\"text-align: right;\">[youtube]http:\/\/www.youtu.be\/Iag7vp4_dl8[\/youtube]<\/p>\n","protected":false},"excerpt":{"rendered":"<p>El mes de maig de 1933, naixia al Barri el CENTRE GIMN\u00c0STIC BARCELON\u00c8S, la fi primordial del qual era la propagaci\u00f3 de la pr\u00e0ctica activa de la cultura f\u00edsica. Els primers passos v\u00e0rem \u00e9sser donats per un redu\u00eft grup d&#8217;entusiastes de la cultura f\u00edsica i dels esports. Despr\u00e9s de freq\u00fcentar diverses entitats particulars, on mai&hellip;&nbsp;<a href=\"https:\/\/mediateca.ravalnet.org\/cgbesports\/about\/\" rel=\"bookmark\">Llegiu m\u00e9s &raquo;<span class=\"screen-reader-text\">Torna el CGB<\/span><\/a><\/p>\n","protected":false},"author":16,"featured_media":866,"parent":0,"menu_order":0,"comment_status":"open","ping_status":"open","template":"template-fullwidth.php","meta":{"neve_meta_sidebar":"","neve_meta_container":"","neve_meta_enable_content_width":"","neve_meta_content_width":0,"neve_meta_title_alignment":"","neve_meta_author_avatar":"","neve_post_elements_order":"","neve_meta_disable_header":"","neve_meta_disable_footer":"","neve_meta_disable_title":"","_themeisle_gutenberg_block_has_review":false,"footnotes":""},"class_list":["post-8","page","type-page","status-publish","has-post-thumbnail","hentry"],"_links":{"self":[{"href":"https:\/\/mediateca.ravalnet.org\/cgbesports\/wp-json\/wp\/v2\/pages\/8","targetHints":{"allow":["GET"]}}],"collection":[{"href":"https:\/\/mediateca.ravalnet.org\/cgbesports\/wp-json\/wp\/v2\/pages"}],"about":[{"href":"https:\/\/mediateca.ravalnet.org\/cgbesports\/wp-json\/wp\/v2\/types\/page"}],"author":[{"embeddable":true,"href":"https:\/\/mediateca.ravalnet.org\/cgbesports\/wp-json\/wp\/v2\/users\/16"}],"replies":[{"embeddable":true,"href":"https:\/\/mediateca.ravalnet.org\/cgbesports\/wp-json\/wp\/v2\/comments?post=8"}],"version-history":[{"count":112,"href":"https:\/\/mediateca.ravalnet.org\/cgbesports\/wp-json\/wp\/v2\/pages\/8\/revisions"}],"predecessor-version":[{"id":4185,"href":"https:\/\/mediateca.ravalnet.org\/cgbesports\/wp-json\/wp\/v2\/pages\/8\/revisions\/4185"}],"wp:featuredmedia":[{"embeddable":true,"href":"https:\/\/mediateca.ravalnet.org\/cgbesports\/wp-json\/wp\/v2\/media\/866"}],"wp:attachment":[{"href":"https:\/\/mediateca.ravalnet.org\/cgbesports\/wp-json\/wp\/v2\/media?parent=8"}],"curies":[{"name":"wp","href":"https:\/\/api.w.org\/{rel}","templated":true}]}}