{"id":2,"date":"2010-11-29T17:50:15","date_gmt":"2010-11-29T17:50:15","guid":{"rendered":"http:\/\/mediateca.ravalnet.org\/disbauxa\/?page_id=2"},"modified":"2017-03-14T17:10:53","modified_gmt":"2017-03-14T15:10:53","slug":"quant-a","status":"publish","type":"page","link":"https:\/\/mediateca.ravalnet.org\/disbauxa\/quant-a\/","title":{"rendered":"Hist\u00f2ria de la Comparsa Disbauxa"},"content":{"rendered":"<p style=\"text-align: left;\"><!-- @page { margin: 2cm } P { margin-bottom: 0.21cm } -->En comen\u00e7ar aquesta mem\u00f2ria destinada a recordar els fets, actes i treballs realitzats per la nostra societat, ens satisfaria recordar l&#8217;origen de la nostre exist\u00e8ncia.<\/p>\n<p style=\"text-align: left;\">Fou gr\u00e0cies a l&#8217;inter\u00e8s de Josep Anselm Clav\u00e9 per orientar al m\u00e9s desvalguts. Ell va fomentar el cant coral creant les \u201cSocietats Corals de&#8217;n Clav\u00e8\u201d.<\/p>\n<p style=\"text-align: left;\">Una d&#8217;elles \u00e9s la \u201cSocietat Coral Girasol\u201d i gr\u00e0cies al seu recolzament devem la nostra exist\u00e8ncia.<\/p>\n<p style=\"text-align: left;\">Ara que som al segle XXI, qui havia de dir a S. A. Clav\u00e8, que aquella const\u00e0ncia per impulsar el cant coral mascul\u00ed, tingues continu\u00eftat tamb\u00e9 a les dones.<\/p>\n<p style=\"text-align: left;\">Dones, amb noves inquietuds, amb la voluntat de seguir endavant evidenciant la nostra presencia.<\/p>\n<p style=\"text-align: left;\">La nostra traject\u00f2ria va comen\u00e7ar l&#8217;any 1992 en una desfilada de la Rua de Barcelona juntament amb la banda S.C.Girasol. Va ser la primera vegada que ens vam disfressar de la mateixa manera.<\/p>\n<p style=\"text-align: left;\">Va estar una experi\u00e8ncia tant positiva que ens vam fer el prop\u00f2sit de seguir endavant. Fins i tot ens vam posar el nom de Comparsa Disbauxa.<\/p>\n<p style=\"text-align: left;\">Mica en mica hem anat enfortint-nos i consolidant-nos. Ara som la \u201cSocietat Cultural Art\u00edstica Disbauxa\u201d, amb el comprom\u00eds i l&#8217;esfor\u00e7 de seguir endavant.<\/p>\n<p style=\"text-align: left;\">La\u00a0 Societat\u00a0 Cultural\u00a0 Art\u00edstica\u00a0 Disbauxa\u00a0 \u00e9s\u00a0 una\u00a0 comparsa\u00a0 que\u00a0 t\u00e9\u00a0 com\u00a0 a\u00a0 finalitat la d\u00b4impulsar\u00a0 activitats\u00a0 i\u00a0 projectes\u00a0 que\u00a0 promocionin\u00a0 la\u00a0 pres\u00e8ncia\u00a0 de\u00a0 les\u00a0 dones\u00a0 en\u00a0 la\u00a0 construcci\u00f3\u00a0 d\u00b4un\u00a0 model\u00a0 de societat\u00a0 m\u00e9s\u00a0 d\u00b4acord\u00a0 amb\u00a0 els\u00a0 desitjos\u00a0 i\u00a0 les\u00a0 necessitats\u00a0 de\u00a0 les\u00a0 ciutadanes\u00a0 del\u00a0 barri\u00a0 del Raval.<br \/>\nLa Societat\u00a0 Coral\u00a0 Girasol, ens\u00a0 acull\u00a0 dins de la seva seu, al barri del Raval.<br \/>\nA\u00a0 trav\u00e9s\u00a0 de\u00a0 la\u00a0 comparsa\u00a0 es\u00a0 fan\u00a0 tallers\u00a0 de\u00a0 costura,\u00a0 manualitats,\u00a0 maquillatge,\u00a0 pintura,\u00a0 coreografies,\u00a0 etc.<\/p>\n","protected":false},"excerpt":{"rendered":"<p>En comen\u00e7ar aquesta mem\u00f2ria destinada a recordar els fets, actes i treballs realitzats per la nostra societat, ens satisfaria recordar l&#8217;origen de la nostre exist\u00e8ncia. Fou gr\u00e0cies a l&#8217;inter\u00e8s de Josep Anselm Clav\u00e9 per orientar al m\u00e9s desvalguts. Ell va fomentar el cant coral creant les \u201cSocietats Corals de&#8217;n Clav\u00e8\u201d. Una d&#8217;elles \u00e9s la \u201cSocietat&hellip;&nbsp;<a href=\"https:\/\/mediateca.ravalnet.org\/disbauxa\/quant-a\/\" rel=\"bookmark\">Llegiu m\u00e9s &raquo;<span class=\"screen-reader-text\">Hist\u00f2ria de la Comparsa Disbauxa<\/span><\/a><\/p>\n","protected":false},"author":15,"featured_media":0,"parent":0,"menu_order":0,"comment_status":"open","ping_status":"open","template":"template-fullwidth.php","meta":{"neve_meta_sidebar":"","neve_meta_container":"","neve_meta_enable_content_width":"","neve_meta_content_width":0,"neve_meta_title_alignment":"","neve_meta_author_avatar":"","neve_post_elements_order":"","neve_meta_disable_header":"","neve_meta_disable_footer":"","neve_meta_disable_title":"","_themeisle_gutenberg_block_has_review":false,"footnotes":""},"class_list":["post-2","page","type-page","status-publish","hentry"],"_links":{"self":[{"href":"https:\/\/mediateca.ravalnet.org\/disbauxa\/wp-json\/wp\/v2\/pages\/2","targetHints":{"allow":["GET"]}}],"collection":[{"href":"https:\/\/mediateca.ravalnet.org\/disbauxa\/wp-json\/wp\/v2\/pages"}],"about":[{"href":"https:\/\/mediateca.ravalnet.org\/disbauxa\/wp-json\/wp\/v2\/types\/page"}],"author":[{"embeddable":true,"href":"https:\/\/mediateca.ravalnet.org\/disbauxa\/wp-json\/wp\/v2\/users\/15"}],"replies":[{"embeddable":true,"href":"https:\/\/mediateca.ravalnet.org\/disbauxa\/wp-json\/wp\/v2\/comments?post=2"}],"version-history":[{"count":7,"href":"https:\/\/mediateca.ravalnet.org\/disbauxa\/wp-json\/wp\/v2\/pages\/2\/revisions"}],"predecessor-version":[{"id":593,"href":"https:\/\/mediateca.ravalnet.org\/disbauxa\/wp-json\/wp\/v2\/pages\/2\/revisions\/593"}],"wp:attachment":[{"href":"https:\/\/mediateca.ravalnet.org\/disbauxa\/wp-json\/wp\/v2\/media?parent=2"}],"curies":[{"name":"wp","href":"https:\/\/api.w.org\/{rel}","templated":true}]}}