{"id":1264,"date":"2017-03-24T18:11:47","date_gmt":"2017-03-24T17:11:47","guid":{"rendered":"http:\/\/mediateca.ravalnet.org\/elmeuraval\/?page_id=1264"},"modified":"2017-04-06T11:33:56","modified_gmt":"2017-04-06T10:33:56","slug":"presentacio","status":"publish","type":"page","link":"https:\/\/mediateca.ravalnet.org\/elmeuraval\/presentacio\/","title":{"rendered":"Presentaci\u00f3"},"content":{"rendered":"<p style=\"text-align: justify;\">&#8220;El meu Raval, mem\u00f2ria fotogr\u00e0fica&#8221; va comen\u00e7ar amb la idea de recollir la informaci\u00f3 de com era aquest territori abans i despr\u00e9s de la guerra, aixi com la necessitat de recupera els records del ve\u00efnat abans de que es fes el PERI del Raval, que a m\u00e9s de esponjar el barri\u00a0 es va convertir en una di\u00e0spora de la gent gran que vivia en aquells espais, i que junt amb las ventades de aire que travessen la Rambla del Raval des de el port al Tibidabo, tamb\u00e9 es va endur tots els seus records.<\/p>\n<p style=\"text-align: justify;\">Com que no hi havia un arxiu ve\u00efnal ni cap entitat prou decidida a crear-ne un, malgrat que tothom o considerava molt interessant, va ser aleshores que\u00a0 vaig con\u00e8ixer las activitats del Teb que em van ajudar a crea una pagina on poder anar pujant a Internet la informaci\u00f3 que jo, mica en mica anava recollint d&#8217;amics i coneguts, per fer un retorn de la historia al ve\u00efnat i a la gent nou vinguda.<\/p>\n<p style=\"text-align: justify;\">Amb fotos antigues, algunes cedides per ve\u00efns i d&#8217;altres recuperades de llibres o arxius, recollides durant tot l&#8217;any, per la Festa Major amb el recolzament de la Associaci\u00f3 de Comerciants i Ve\u00efns del C. de la Cera, La Taula del Raval i la AIPCC, es fa una exposici\u00f3 d&#8217;un dia a la Rambla del Raval i al Desembre es torna a exposar durant tot el m\u00e9s al Casal de Barri Folch i Torres.<\/p>\n<p style=\"text-align: justify;\">Al Casal de Barri hi ha un armari a on es guarda tot aquest material i on em podeu trobar tots els divendres al mati per si alg\u00fa vol compartir alguna informaci\u00f3 o document.<\/p>\n<p style=\"text-align: right;\">Maria Casas<\/p>\n","protected":false},"excerpt":{"rendered":"<p>&#8220;El meu Raval, mem\u00f2ria fotogr\u00e0fica&#8221; va comen\u00e7ar amb la idea de recollir la informaci\u00f3 de com era aquest territori abans i despr\u00e9s de la guerra, aixi com la necessitat de recupera els records del ve\u00efnat abans de que es fes el PERI del Raval, que a m\u00e9s de esponjar el barri\u00a0 es va convertir en&hellip;&nbsp;<a href=\"https:\/\/mediateca.ravalnet.org\/elmeuraval\/presentacio\/\" rel=\"bookmark\">Llegiu m\u00e9s &raquo;<span class=\"screen-reader-text\">Presentaci\u00f3<\/span><\/a><\/p>\n","protected":false},"author":48,"featured_media":0,"parent":0,"menu_order":0,"comment_status":"open","ping_status":"open","template":"","meta":{"neve_meta_sidebar":"","neve_meta_container":"","neve_meta_enable_content_width":"","neve_meta_content_width":0,"neve_meta_title_alignment":"","neve_meta_author_avatar":"","neve_post_elements_order":"","neve_meta_disable_header":"","neve_meta_disable_footer":"","neve_meta_disable_title":"","_themeisle_gutenberg_block_has_review":false,"footnotes":""},"class_list":["post-1264","page","type-page","status-publish","hentry"],"_links":{"self":[{"href":"https:\/\/mediateca.ravalnet.org\/elmeuraval\/wp-json\/wp\/v2\/pages\/1264","targetHints":{"allow":["GET"]}}],"collection":[{"href":"https:\/\/mediateca.ravalnet.org\/elmeuraval\/wp-json\/wp\/v2\/pages"}],"about":[{"href":"https:\/\/mediateca.ravalnet.org\/elmeuraval\/wp-json\/wp\/v2\/types\/page"}],"author":[{"embeddable":true,"href":"https:\/\/mediateca.ravalnet.org\/elmeuraval\/wp-json\/wp\/v2\/users\/48"}],"replies":[{"embeddable":true,"href":"https:\/\/mediateca.ravalnet.org\/elmeuraval\/wp-json\/wp\/v2\/comments?post=1264"}],"version-history":[{"count":2,"href":"https:\/\/mediateca.ravalnet.org\/elmeuraval\/wp-json\/wp\/v2\/pages\/1264\/revisions"}],"predecessor-version":[{"id":1345,"href":"https:\/\/mediateca.ravalnet.org\/elmeuraval\/wp-json\/wp\/v2\/pages\/1264\/revisions\/1345"}],"wp:attachment":[{"href":"https:\/\/mediateca.ravalnet.org\/elmeuraval\/wp-json\/wp\/v2\/media?parent=1264"}],"curies":[{"name":"wp","href":"https:\/\/api.w.org\/{rel}","templated":true}]}}