{"id":1358,"date":"2017-04-07T17:32:18","date_gmt":"2017-04-07T16:32:18","guid":{"rendered":"http:\/\/mediateca.ravalnet.org\/elmeuraval\/?page_id=1358"},"modified":"2017-04-07T18:09:53","modified_gmt":"2017-04-07T17:09:53","slug":"presentacio-memoria-dels-objectes","status":"publish","type":"page","link":"https:\/\/mediateca.ravalnet.org\/elmeuraval\/presentacio-memoria-dels-objectes\/","title":{"rendered":"Presentaci\u00f3 Mem\u00f2ria dels Objectes"},"content":{"rendered":"<p>A trav\u00e9s dels objectes podem con\u00e8ixer el passat sense necessitat de la pres\u00e8ncia humana, per aix\u00f2 mereixen un espai a part i de reconeixement ja que formen part de la nostra vida quotidiana i ens ajuden a recrear la hist\u00f2ria del nostre entorn proper i del m\u00f3n en general.<\/p>\n<p>&nbsp;<\/p>\n<h3 class=\"widget-title\"><a class=\"category-archive-link\" href=\"http:\/\/mediateca.ravalnet.org\/elmeuraval\/category\/objectes\/\" title=\"View all posts from category Objectes\">\u00daltimes entrades<\/a><\/h3>\n<article id=\"post-180\" class=\"medium-post clearfix post-180 type-post status-publish format-standard has-post-thumbnail hentry category-arxiu category-objectes dc_source-maria-casa dc_format-image dc_format-text dc_creator_name-maria-casas dc_contributor-maria-casas dc_date-372 dc_type-image dc_type-text dc_coverage-reco-de-la-memoria-del-millenari dc_rightsholder-maria-casas dc_educationlevel-tots\">\n<a href=\"http:\/\/mediateca.ravalnet.org\/elmeuraval\/2016\/05\/13\/chichonera-infantil\/\" rel=\"bookmark\"><br \/>\n<img loading=\"lazy\" decoding=\"async\" src=\"http:\/\/mediateca.ravalnet.org\/elmeuraval\/wp-content\/uploads\/\/sites\/7\/2014\/07\/chichonera-w.jpg\" class=\"attachment-tortuga-thumbnail-medium size-tortuga-thumbnail-medium wp-post-image\" alt=\"\" height=\"200\" width=\"296\">\t\t\t<\/a><\/p>\n<header class=\"entry-header\">\n<h2 class=\"entry-title\"><a href=\"http:\/\/mediateca.ravalnet.org\/elmeuraval\/2016\/05\/13\/chichonera-infantil\/\" rel=\"bookmark\">Chichonera infantil<\/a><\/h2>\n<p><span class=\"meta-date\"><a href=\"http:\/\/mediateca.ravalnet.org\/elmeuraval\/2016\/05\/13\/chichonera-infantil\/\" title=\"15:52\" rel=\"bookmark\">13\/05\/2016<\/a><\/span><br \/>\n<\/header>\n<p><!-- .entry-header --><br \/>\n<\/article>\n<article id=\"post-204\" class=\"medium-post clearfix post-204 type-post status-publish format-standard has-post-thumbnail hentry category-arxiu category-objectes dc_source-maria-casas dc_format-image dc_format-stillimage dc_format-physicalobject dc_format-text dc_creator_name-maria-casas dc_contributor-maria-casas dc_date-372 dc_type-image dc_type-stillimage dc_type-physicalobject dc_type-text dc_coverage-reco-de-memoria-del-millenari dc_rightsholder-maria-casas dc_educationlevel-tots dc_description-balances dc_description-color dc_description-paper\">\n<a href=\"http:\/\/mediateca.ravalnet.org\/elmeuraval\/2016\/05\/13\/balances-de-mercat-i-de-cuin\/\" rel=\"bookmark\"><br \/>\n<img loading=\"lazy\" decoding=\"async\" src=\"http:\/\/mediateca.ravalnet.org\/elmeuraval\/wp-content\/uploads\/\/sites\/7\/2014\/03\/DSCI0006-6.jpg\" class=\"attachment-tortuga-thumbnail-medium size-tortuga-thumbnail-medium wp-post-image\" alt=\"\" height=\"200\" width=\"267\">\t\t\t<\/a><\/p>\n<header class=\"entry-header\">\n<h2 class=\"entry-title\"><a href=\"http:\/\/mediateca.ravalnet.org\/elmeuraval\/2016\/05\/13\/balances-de-mercat-i-de-cuin\/\" rel=\"bookmark\">Balances de pes de mercat i de cuina<\/a><\/h2>\n<p><span class=\"meta-date\"><a href=\"http:\/\/mediateca.ravalnet.org\/elmeuraval\/2016\/05\/13\/balances-de-mercat-i-de-cuin\/\" title=\"15:32\" rel=\"bookmark\">13\/05\/2016<\/a><\/span><br \/>\n<\/header>\n<p><!-- .entry-header --><br \/>\n<\/article>\n<article id=\"post-198\" class=\"medium-post clearfix post-198 type-post status-publish format-standard has-post-thumbnail hentry category-arxiu category-objectes dc_source-maria-casas dc_format-image dc_format-text dc_creator_name-maria-casas dc_contributor-maria-casas dc_contributor-millenari-2 dc_contributor-reco-de-la-memoria dc_date-372 dc_type-image dc_type-text dc_coverage-barcelona dc_coverage-barri-raval dc_coverage-centre-de-dia-millenari dc_coverage-reco-de-la-memoria dc_rightsholder-maria-casas dc_educationlevel-tots dc_description-objecte\">\n<a href=\"http:\/\/mediateca.ravalnet.org\/elmeuraval\/2016\/04\/29\/reco-de-la-memoriamil%c2%b7lenari-armari-lavabo\/\" rel=\"bookmark\"><br \/>\n<img loading=\"lazy\" decoding=\"async\" src=\"http:\/\/mediateca.ravalnet.org\/elmeuraval\/wp-content\/uploads\/\/sites\/7\/2014\/03\/DSCI0020-2.jpg\" class=\"attachment-tortuga-thumbnail-medium size-tortuga-thumbnail-medium wp-post-image\" alt=\"\" height=\"200\" width=\"150\">\t\t\t<\/a><\/p>\n<header class=\"entry-header\">\n<h2 class=\"entry-title\"><a href=\"http:\/\/mediateca.ravalnet.org\/elmeuraval\/2016\/04\/29\/reco-de-la-memoriamil%c2%b7lenari-armari-lavabo\/\" rel=\"bookmark\">Rec\u00f3 de la memoria,Mil\u00b7lenari, armari lavabo<\/a><\/h2>\n<p><span class=\"meta-date\"><a href=\"http:\/\/mediateca.ravalnet.org\/elmeuraval\/2016\/04\/29\/reco-de-la-memoriamil%c2%b7lenari-armari-lavabo\/\" title=\"17:14\" rel=\"bookmark\">29\/04\/2016<\/a><\/span><br \/>\n<\/header>\n<p><!-- .entry-header --><br \/>\n<\/article>\n<article id=\"post-207\" class=\"medium-post clearfix post-207 type-post status-publish format-standard has-post-thumbnail hentry category-arxiu category-objectes dc_source-maria-casas dc_format-physicalobject dc_creator_name-maria-casas dc_contributor-maria-casas dc_date-372 dc_type-image dc_type-physicalobject dc_coverage-barcelona dc_coverage-barri-del-raval dc_coverage-centre-de-dia-el-millenari-2 dc_coverage-reco-de-la-memoria dc_rightsholder-maria-casas dc_educationlevel-tots dc_description-corona-de-comunio dc_description-llibre-de-comunio dc_description-millenari dc_description-misal dc_description-radiador dc_description-reclinatori dc_description-reco-memoria\">\n<a href=\"http:\/\/mediateca.ravalnet.org\/elmeuraval\/2016\/04\/08\/reco-de-la-memoria-mil%c2%b7lenari-reclinatori-corona-comunio-misalllibre-de-comunio\/\" rel=\"bookmark\"><br \/>\n<img loading=\"lazy\" decoding=\"async\" src=\"http:\/\/mediateca.ravalnet.org\/elmeuraval\/wp-content\/uploads\/\/sites\/7\/2014\/03\/DSCI0018-4.jpg\" class=\"attachment-tortuga-thumbnail-medium size-tortuga-thumbnail-medium wp-post-image\" alt=\"\" height=\"200\" width=\"150\">\t\t\t<\/a><\/p>\n<header class=\"entry-header\">\n<h2 class=\"entry-title\"><a href=\"http:\/\/mediateca.ravalnet.org\/elmeuraval\/2016\/04\/08\/reco-de-la-memoria-mil%c2%b7lenari-reclinatori-corona-comunio-misalllibre-de-comunio\/\" rel=\"bookmark\">Reco de la memoria Mil\u00b7lenari, Reclinatori, corona comunio, misal,llibre de comunio<\/a><\/h2>\n<p><span class=\"meta-date\"><a href=\"http:\/\/mediateca.ravalnet.org\/elmeuraval\/2016\/04\/08\/reco-de-la-memoria-mil%c2%b7lenari-reclinatori-corona-comunio-misalllibre-de-comunio\/\" title=\"16:41\" rel=\"bookmark\">08\/04\/2016<\/a><\/span><br \/>\n<\/header>\n<p><!-- .entry-header --><br \/>\n<\/article>\n<article id=\"post-214\" class=\"medium-post clearfix post-214 type-post status-publish format-image has-post-thumbnail hentry category-arxiu category-objectes post_format-post-format-image dc_source-maria-casas dc_format-image dc_format-text dc_creator_name-maria-casas dc_contributor-maria-casas dc_date-372 dc_type-image dc_type-stillimage dc_type-text dc_coverage-barcelona dc_coverage-centre-de-dia-millenari dc_coverage-raval dc_coverage-reco-de-la-memoria dc_rightsholder-maria-casas dc_educationlevel-tots dc_description-barcelona-2 dc_description-braser dc_description-centre-de-dia-millenari dc_description-maquina-cosir dc_description-raval dc_description-tapete-de-punta\">\n<a href=\"http:\/\/mediateca.ravalnet.org\/elmeuraval\/2016\/04\/08\/reco-de-la-memoria-mil%c2%b7lenarimaquina-de-cosir-a-pedal\/\" rel=\"bookmark\"><br \/>\n<img loading=\"lazy\" decoding=\"async\" src=\"http:\/\/mediateca.ravalnet.org\/elmeuraval\/wp-content\/uploads\/\/sites\/7\/2014\/03\/DSCI0017.jpg\" class=\"attachment-tortuga-thumbnail-medium size-tortuga-thumbnail-medium wp-post-image\" alt=\"\" height=\"200\" width=\"267\">\t\t\t<\/a><\/p>\n<header class=\"entry-header\">\n<h2 class=\"entry-title\"><a href=\"http:\/\/mediateca.ravalnet.org\/elmeuraval\/2016\/04\/08\/reco-de-la-memoria-mil%c2%b7lenarimaquina-de-cosir-a-pedal\/\" rel=\"bookmark\">Reco de la memoria, Mil\u00b7lenari,maquina de cosir a pedal<\/a><\/h2>\n<p><span class=\"meta-date\"><a href=\"http:\/\/mediateca.ravalnet.org\/elmeuraval\/2016\/04\/08\/reco-de-la-memoria-mil%c2%b7lenarimaquina-de-cosir-a-pedal\/\" title=\"16:37\" rel=\"bookmark\">08\/04\/2016<\/a><\/span><br \/>\n<\/header>\n<p><!-- .entry-header --><br \/>\n<\/article>\n<article id=\"post-217\" class=\"medium-post clearfix post-217 type-post status-publish format-standard has-post-thumbnail hentry category-arxiu category-objectes dc_source-maria-casas dc_source-reco-memoria-millenari-2 dc_format-image dc_format-physicalobject dc_format-text dc_creator_name-maria-casas dc_contributor-maria-casas dc_date-372 dc_type-image dc_type-physicalobject dc_type-text dc_coverage-barcelona dc_coverage-raval dc_coverage-reco-de-la-memoria-del-millenari dc_rightsholder-maria-casas dc_educationlevel-tots dc_description-cafetera dc_description-color dc_description-escorredora dc_description-estufa dc_description-garrafas dc_description-lampara dc_description-molinet-de-cafe dc_description-paper dc_description-vaixella\">\n<a href=\"http:\/\/mediateca.ravalnet.org\/elmeuraval\/2016\/04\/08\/reco-memoria-mil%c2%b7lenari-estris-de-la-llar\/\" rel=\"bookmark\"><br \/>\n<img loading=\"lazy\" decoding=\"async\" src=\"http:\/\/mediateca.ravalnet.org\/elmeuraval\/wp-content\/uploads\/\/sites\/7\/2014\/03\/DSCI0011-5.jpg\" class=\"attachment-tortuga-thumbnail-medium size-tortuga-thumbnail-medium wp-post-image\" alt=\"\" height=\"200\" width=\"267\">\t\t\t<\/a><\/p>\n<header class=\"entry-header\">\n<h2 class=\"entry-title\"><a href=\"http:\/\/mediateca.ravalnet.org\/elmeuraval\/2016\/04\/08\/reco-memoria-mil%c2%b7lenari-estris-de-la-llar\/\" rel=\"bookmark\">Reco memoria Mil\u00b7lenari, estris de la llar<\/a><\/h2>\n<p><span class=\"meta-date\"><a href=\"http:\/\/mediateca.ravalnet.org\/elmeuraval\/2016\/04\/08\/reco-memoria-mil%c2%b7lenari-estris-de-la-llar\/\" title=\"15:59\" rel=\"bookmark\">08\/04\/2016<\/a><\/span><br \/>\n<\/header>\n<p><!-- .entry-header --><br \/>\n<\/article>\n","protected":false},"excerpt":{"rendered":"<p>A trav\u00e9s dels objectes podem con\u00e8ixer el passat sense necessitat de la pres\u00e8ncia humana, per aix\u00f2 mereixen un espai a part i de reconeixement ja que formen part de la nostra vida quotidiana i ens ajuden a recrear la hist\u00f2ria del nostre entorn proper i del m\u00f3n en general. &nbsp; \u00daltimes entrades Chichonera infantil 13\/05\/2016&hellip;&nbsp;<a href=\"https:\/\/mediateca.ravalnet.org\/elmeuraval\/presentacio-memoria-dels-objectes\/\" rel=\"bookmark\">Llegiu m\u00e9s &raquo;<span class=\"screen-reader-text\">Presentaci\u00f3 Mem\u00f2ria dels Objectes<\/span><\/a><\/p>\n","protected":false},"author":48,"featured_media":0,"parent":0,"menu_order":0,"comment_status":"closed","ping_status":"closed","template":"","meta":{"neve_meta_sidebar":"","neve_meta_container":"","neve_meta_enable_content_width":"","neve_meta_content_width":0,"neve_meta_title_alignment":"","neve_meta_author_avatar":"","neve_post_elements_order":"","neve_meta_disable_header":"","neve_meta_disable_footer":"","neve_meta_disable_title":"","_themeisle_gutenberg_block_has_review":false,"footnotes":""},"class_list":["post-1358","page","type-page","status-publish","hentry"],"_links":{"self":[{"href":"https:\/\/mediateca.ravalnet.org\/elmeuraval\/wp-json\/wp\/v2\/pages\/1358","targetHints":{"allow":["GET"]}}],"collection":[{"href":"https:\/\/mediateca.ravalnet.org\/elmeuraval\/wp-json\/wp\/v2\/pages"}],"about":[{"href":"https:\/\/mediateca.ravalnet.org\/elmeuraval\/wp-json\/wp\/v2\/types\/page"}],"author":[{"embeddable":true,"href":"https:\/\/mediateca.ravalnet.org\/elmeuraval\/wp-json\/wp\/v2\/users\/48"}],"replies":[{"embeddable":true,"href":"https:\/\/mediateca.ravalnet.org\/elmeuraval\/wp-json\/wp\/v2\/comments?post=1358"}],"version-history":[{"count":3,"href":"https:\/\/mediateca.ravalnet.org\/elmeuraval\/wp-json\/wp\/v2\/pages\/1358\/revisions"}],"predecessor-version":[{"id":1368,"href":"https:\/\/mediateca.ravalnet.org\/elmeuraval\/wp-json\/wp\/v2\/pages\/1358\/revisions\/1368"}],"wp:attachment":[{"href":"https:\/\/mediateca.ravalnet.org\/elmeuraval\/wp-json\/wp\/v2\/media?parent=1358"}],"curies":[{"name":"wp","href":"https:\/\/api.w.org\/{rel}","templated":true}]}}