{"id":42,"date":"2011-05-25T16:02:37","date_gmt":"2011-05-25T15:02:37","guid":{"rendered":"http:\/\/mediateca.ravalnet.org\/jovesteb\/"},"modified":"2017-03-14T16:07:21","modified_gmt":"2017-03-14T15:07:21","slug":"arxiu-del-teb","status":"publish","type":"page","link":"https:\/\/mediateca.ravalnet.org\/jovesteb\/arxiu-del-teb\/","title":{"rendered":"Arxiu del Teb"},"content":{"rendered":"<p><img loading=\"lazy\" decoding=\"async\" class=\"wp-image-45 size-full alignleft\" style=\"margin: 40px;\" title=\"Logotip del Teb\" src=\"http:\/\/mediateca.ravalnet.org\/jovesteb\/wp-content\/uploads\/sites\/4\/2011\/05\/120pxweb.gif\" alt=\"Logotip del Teb\" width=\"120\" height=\"120\" \/>Tot i que l&#8217;aventura del projecte de joves del Teb comen\u00e7a l&#8217;any 1992, no \u00e9s fins el 1995 que es constitueix com associaci\u00f3. En tots aquests anys s\u00f3n moltes les persones que han participat del projecte i moltes tamb\u00e9 les activitats realitzades.<\/p>\n<p>En aquest espai volem mostrar la hist\u00f2ria del Teb, una traject\u00f2ria vinculada estretament al barri que us volem mostrar a trav\u00e9s d&#8217;imatges, gravacions sonores i audiovisuals, de textos i publicacions que anirem recollint, documentant i publicant en aquest espai.<\/p>\n<p>Benvinguts i benvingudes a l&#8217;espai hist\u00f2ric del Teb!<\/p>\n","protected":false},"excerpt":{"rendered":"<p>Tot i que l&#8217;aventura del projecte de joves del Teb comen\u00e7a l&#8217;any 1992, no \u00e9s fins el 1995 que es constitueix com associaci\u00f3. En tots aquests anys s\u00f3n moltes les persones que han participat del projecte i moltes tamb\u00e9 les activitats realitzades. En aquest espai volem mostrar la hist\u00f2ria del Teb, una traject\u00f2ria vinculada estretament&hellip;&nbsp;<a href=\"https:\/\/mediateca.ravalnet.org\/jovesteb\/arxiu-del-teb\/\" rel=\"bookmark\"><span class=\"screen-reader-text\">Arxiu del Teb<\/span><\/a><\/p>\n","protected":false},"author":30,"featured_media":45,"parent":0,"menu_order":0,"comment_status":"open","ping_status":"open","template":"template-fullwidth.php","meta":{"neve_meta_sidebar":"","neve_meta_container":"","neve_meta_enable_content_width":"","neve_meta_content_width":0,"neve_meta_title_alignment":"","neve_meta_author_avatar":"","neve_post_elements_order":"","neve_meta_disable_header":"","neve_meta_disable_footer":"","neve_meta_disable_title":"","_themeisle_gutenberg_block_has_review":false,"footnotes":""},"class_list":["post-42","page","type-page","status-publish","has-post-thumbnail","hentry"],"_links":{"self":[{"href":"https:\/\/mediateca.ravalnet.org\/jovesteb\/wp-json\/wp\/v2\/pages\/42","targetHints":{"allow":["GET"]}}],"collection":[{"href":"https:\/\/mediateca.ravalnet.org\/jovesteb\/wp-json\/wp\/v2\/pages"}],"about":[{"href":"https:\/\/mediateca.ravalnet.org\/jovesteb\/wp-json\/wp\/v2\/types\/page"}],"author":[{"embeddable":true,"href":"https:\/\/mediateca.ravalnet.org\/jovesteb\/wp-json\/wp\/v2\/users\/30"}],"replies":[{"embeddable":true,"href":"https:\/\/mediateca.ravalnet.org\/jovesteb\/wp-json\/wp\/v2\/comments?post=42"}],"version-history":[{"count":10,"href":"https:\/\/mediateca.ravalnet.org\/jovesteb\/wp-json\/wp\/v2\/pages\/42\/revisions"}],"predecessor-version":[{"id":1004,"href":"https:\/\/mediateca.ravalnet.org\/jovesteb\/wp-json\/wp\/v2\/pages\/42\/revisions\/1004"}],"wp:featuredmedia":[{"embeddable":true,"href":"https:\/\/mediateca.ravalnet.org\/jovesteb\/wp-json\/wp\/v2\/media\/45"}],"wp:attachment":[{"href":"https:\/\/mediateca.ravalnet.org\/jovesteb\/wp-json\/wp\/v2\/media?parent=42"}],"curies":[{"name":"wp","href":"https:\/\/api.w.org\/{rel}","templated":true}]}}