{"id":215,"date":"2013-07-02T16:30:10","date_gmt":"2013-07-02T15:30:10","guid":{"rendered":"http:\/\/mediateca.ravalnet.org\/senyalem\/?page_id=215"},"modified":"2021-11-16T11:57:59","modified_gmt":"2021-11-16T10:57:59","slug":"intro-senyalem","status":"publish","type":"page","link":"https:\/\/mediateca.ravalnet.org\/senyalem\/","title":{"rendered":""},"content":{"rendered":"\n<div style=\"height:100px\" aria-hidden=\"true\" class=\"wp-block-spacer\"><\/div>\n\n\n\n<h1 class=\"has-text-align-center has-neve-link-color-color has-text-color has-huge-font-size wp-block-heading\">Us donem la benvinguda a Senyalem la Mem\u00f2ria<\/h1>\n\n\n\n<hr class=\"wp-block-separator has-text-color has-background has-neve-link-color-background-color has-neve-link-color-color is-style-wide\"\/>\n\n\n\n<div style=\"height:100px\" aria-hidden=\"true\" class=\"wp-block-spacer\"><\/div>\n\n\n\n<div class=\"wp-block-group\"><div class=\"wp-block-group__inner-container is-layout-flow wp-block-group-is-layout-flow\">\n<figure class=\"wp-block-gallery columns-2 is-cropped wp-block-gallery-1 is-layout-flex wp-block-gallery-is-layout-flex\"><ul class=\"blocks-gallery-grid\"><li class=\"blocks-gallery-item\"><figure><img loading=\"lazy\" decoding=\"async\" width=\"1024\" height=\"767\" src=\"https:\/\/mediateca.ravalnet.org\/senyalem\/wp-content\/uploads\/\/sites\/6\/2013\/07\/senyalem_Page_1-1024x767.jpg\" alt=\"\" data-id=\"19\" data-full-url=\"https:\/\/mediateca.ravalnet.org\/senyalem\/wp-content\/uploads\/\/sites\/6\/2013\/07\/senyalem_Page_1.jpg\" data-link=\"https:\/\/mediateca.ravalnet.org\/senyalem\/?attachment_id=19\" class=\"wp-image-19\" srcset=\"https:\/\/mediateca.ravalnet.org\/senyalem\/wp-content\/uploads\/\/sites\/6\/2013\/07\/senyalem_Page_1-1024x767.jpg 1024w, https:\/\/mediateca.ravalnet.org\/senyalem\/wp-content\/uploads\/\/sites\/6\/2013\/07\/senyalem_Page_1-300x224.jpg 300w, https:\/\/mediateca.ravalnet.org\/senyalem\/wp-content\/uploads\/\/sites\/6\/2013\/07\/senyalem_Page_1-900x674.jpg 900w, https:\/\/mediateca.ravalnet.org\/senyalem\/wp-content\/uploads\/\/sites\/6\/2013\/07\/senyalem_Page_1.jpg 1655w\" sizes=\"(max-width: 1024px) 100vw, 1024px\" \/><\/figure><\/li><li class=\"blocks-gallery-item\"><figure><img loading=\"lazy\" decoding=\"async\" width=\"1024\" height=\"767\" src=\"https:\/\/mediateca.ravalnet.org\/senyalem\/wp-content\/uploads\/\/sites\/6\/2013\/07\/senyalem_Page_2-1024x767.jpg\" alt=\"\" data-id=\"20\" data-full-url=\"https:\/\/mediateca.ravalnet.org\/senyalem\/wp-content\/uploads\/\/sites\/6\/2013\/07\/senyalem_Page_2.jpg\" data-link=\"https:\/\/mediateca.ravalnet.org\/senyalem\/?attachment_id=20\" class=\"wp-image-20\" srcset=\"https:\/\/mediateca.ravalnet.org\/senyalem\/wp-content\/uploads\/\/sites\/6\/2013\/07\/senyalem_Page_2-1024x767.jpg 1024w, https:\/\/mediateca.ravalnet.org\/senyalem\/wp-content\/uploads\/\/sites\/6\/2013\/07\/senyalem_Page_2-300x224.jpg 300w, https:\/\/mediateca.ravalnet.org\/senyalem\/wp-content\/uploads\/\/sites\/6\/2013\/07\/senyalem_Page_2-900x674.jpg 900w, https:\/\/mediateca.ravalnet.org\/senyalem\/wp-content\/uploads\/\/sites\/6\/2013\/07\/senyalem_Page_2.jpg 1655w\" sizes=\"(max-width: 1024px) 100vw, 1024px\" \/><\/figure><\/li><\/ul><\/figure>\n<\/div><\/div>\n\n\n\n<figure class=\"wp-block-pullquote is-style-default\" style=\"border-color:var(--nv-primary-accent)\"><blockquote class=\"has-text-color has-neve-link-hover-color-color\"><p><em>Considerem de gran import\u00e0ncia la tasca d\u2019identificar i senyalitzar les empremtes que queden impreses en l\u2019espai actual per a la construcci\u00f3 d\u2019una mem\u00f2ria col\u00b7lectiva i participativa diversa, aix\u00ed com visibilitzar la feina que est\u00e0 duent a terme la Mediateca en la construcci\u00f3 i transmissi\u00f3 de la mem\u00f2ria del Raval. La cultura i mem\u00f2ria d\u2019un territori \u00e9s un valor afegit no nom\u00e9s per als que resideixen sin\u00f3 tamb\u00e9 per a les noves generacions, nouvinguts i persones de pas, crea sentiment de pertinen\u00e7a del lloc i riquesa cultural.\u201d<\/em><\/p><cite><em>Territoris Oblidats i Mediateca del Raval<\/em><\/cite><\/blockquote><\/figure>\n\n\n\n<div class=\"wp-block-group\"><div class=\"wp-block-group__inner-container is-layout-flow wp-block-group-is-layout-flow\">\n<figure class=\"wp-block-gallery columns-2 is-cropped wp-block-gallery-2 is-layout-flex wp-block-gallery-is-layout-flex\"><ul class=\"blocks-gallery-grid\"><li class=\"blocks-gallery-item\"><figure><img loading=\"lazy\" decoding=\"async\" width=\"1024\" height=\"767\" src=\"https:\/\/mediateca.ravalnet.org\/senyalem\/wp-content\/uploads\/\/sites\/6\/2013\/07\/senyalem_Page_3-1024x767.jpg\" alt=\"\" data-id=\"21\" data-full-url=\"https:\/\/mediateca.ravalnet.org\/senyalem\/wp-content\/uploads\/\/sites\/6\/2013\/07\/senyalem_Page_3.jpg\" data-link=\"https:\/\/mediateca.ravalnet.org\/senyalem\/?attachment_id=21\" class=\"wp-image-21\" srcset=\"https:\/\/mediateca.ravalnet.org\/senyalem\/wp-content\/uploads\/\/sites\/6\/2013\/07\/senyalem_Page_3-1024x767.jpg 1024w, https:\/\/mediateca.ravalnet.org\/senyalem\/wp-content\/uploads\/\/sites\/6\/2013\/07\/senyalem_Page_3-300x224.jpg 300w, https:\/\/mediateca.ravalnet.org\/senyalem\/wp-content\/uploads\/\/sites\/6\/2013\/07\/senyalem_Page_3-900x674.jpg 900w, https:\/\/mediateca.ravalnet.org\/senyalem\/wp-content\/uploads\/\/sites\/6\/2013\/07\/senyalem_Page_3.jpg 1655w\" sizes=\"(max-width: 1024px) 100vw, 1024px\" \/><\/figure><\/li><li class=\"blocks-gallery-item\"><figure><img loading=\"lazy\" decoding=\"async\" width=\"1024\" height=\"767\" src=\"https:\/\/mediateca.ravalnet.org\/senyalem\/wp-content\/uploads\/\/sites\/6\/2013\/07\/senyalem_Page_4-1024x767.jpg\" alt=\"\" data-id=\"22\" data-full-url=\"https:\/\/mediateca.ravalnet.org\/senyalem\/wp-content\/uploads\/\/sites\/6\/2013\/07\/senyalem_Page_4.jpg\" data-link=\"https:\/\/mediateca.ravalnet.org\/senyalem\/?attachment_id=22\" class=\"wp-image-22\" srcset=\"https:\/\/mediateca.ravalnet.org\/senyalem\/wp-content\/uploads\/\/sites\/6\/2013\/07\/senyalem_Page_4-1024x767.jpg 1024w, https:\/\/mediateca.ravalnet.org\/senyalem\/wp-content\/uploads\/\/sites\/6\/2013\/07\/senyalem_Page_4-300x224.jpg 300w, https:\/\/mediateca.ravalnet.org\/senyalem\/wp-content\/uploads\/\/sites\/6\/2013\/07\/senyalem_Page_4-900x674.jpg 900w, https:\/\/mediateca.ravalnet.org\/senyalem\/wp-content\/uploads\/\/sites\/6\/2013\/07\/senyalem_Page_4.jpg 1655w\" sizes=\"(max-width: 1024px) 100vw, 1024px\" \/><\/figure><\/li><\/ul><\/figure>\n<\/div><\/div>\n\n\n\n<div style=\"height:100px\" aria-hidden=\"true\" class=\"wp-block-spacer\"><\/div>\n\n\n\n<hr class=\"wp-block-separator has-text-color has-background has-neve-link-color-background-color has-neve-link-color-color is-style-wide\"\/>\n\n\n\n<h1 class=\"has-text-align-center has-neve-link-color-color has-text-color has-huge-font-size wp-block-heading\">Las Pieceras, S.A<\/h1>\n\n\n\n<p class=\"has-text-align-center has-medium-font-size\"><em>El treball submergit de les dones<\/em><\/p>\n\n\n\n<hr class=\"wp-block-separator has-text-color has-background has-neve-link-color-background-color has-neve-link-color-color is-style-wide\"\/>\n\n\n<div class=\"wp-block-themeisle-blocks-posts-grid\" id=\"\"><div class=\"is-list\"><div class=\"o-posts-grid-post-blog o-posts-grid-post-plain\"><div class=\"o-posts-grid-post\"><div class=\"o-posts-grid-post-image\"><a href=\"https:\/\/mediateca.ravalnet.org\/capsules\/2017\/02\/02\/las-pieceras-conxita\/\"><img loading=\"lazy\" decoding=\"async\" width=\"640\" height=\"480\" src=\"https:\/\/mediateca.ravalnet.org\/senyalem\/wp-content\/uploads\/\/sites\/6\/2022\/08\/conxita2_5935002.png\" class=\"attachment-neve-blog size-neve-blog\" alt=\"Las Pieceras &#8211; Conxita\" srcset=\"https:\/\/mediateca.ravalnet.org\/senyalem\/wp-content\/uploads\/\/sites\/6\/2022\/08\/conxita2_5935002.png 640w, https:\/\/mediateca.ravalnet.org\/senyalem\/wp-content\/uploads\/\/sites\/6\/2022\/08\/conxita2_5935002-300x225.png 300w\" sizes=\"(max-width: 640px) 100vw, 640px\" \/><\/a><\/div><div class=\"o-posts-grid-post-body\"><h3 class=\"o-posts-grid-post-title\"><a href=\"https:\/\/mediateca.ravalnet.org\/capsules\/2017\/02\/02\/las-pieceras-conxita\/\">Las Pieceras &#8211; Conxita<\/a><\/h3><p class=\"o-posts-grid-post-meta\"><\/p><div class=\"o-posts-grid-post-description\"><p>La Conxita es filla de Gr\u00e0cia, va aprendre l&#039;ofici de corbatera que continu\u00e0 fent a casa, a m\u00e9s a m\u00e9\u2026<\/p><\/div><\/div><\/div><\/div><div class=\"o-posts-grid-post-blog o-posts-grid-post-plain\"><div class=\"o-posts-grid-post\"><div class=\"o-posts-grid-post-image\"><a href=\"https:\/\/mediateca.ravalnet.org\/capsules\/2016\/07\/19\/las-pieceras-ampar-2\/\"><img loading=\"lazy\" decoding=\"async\" width=\"540\" height=\"405\" src=\"https:\/\/mediateca.ravalnet.org\/senyalem\/wp-content\/uploads\/\/sites\/6\/2022\/08\/ampar_5133433_5785113.png\" class=\"attachment-neve-blog size-neve-blog\" alt=\"Las Pieceras. Ampar\" srcset=\"https:\/\/mediateca.ravalnet.org\/senyalem\/wp-content\/uploads\/\/sites\/6\/2022\/08\/ampar_5133433_5785113.png 540w, https:\/\/mediateca.ravalnet.org\/senyalem\/wp-content\/uploads\/\/sites\/6\/2022\/08\/ampar_5133433_5785113-300x225.png 300w\" sizes=\"(max-width: 540px) 100vw, 540px\" \/><\/a><\/div><div class=\"o-posts-grid-post-body\"><h3 class=\"o-posts-grid-post-title\"><a href=\"https:\/\/mediateca.ravalnet.org\/capsules\/2016\/07\/19\/las-pieceras-ampar-2\/\">Las Pieceras. Ampar<\/a><\/h3><p class=\"o-posts-grid-post-meta\"><\/p><div class=\"o-posts-grid-post-description\"><p>L&#039;Ampar va comen\u00e7ar a treballar als 12 o 13 anys, d&#039;aprenenta al taller d&#039;un sastre. Poc temps despr\u2026<\/p><\/div><\/div><\/div><\/div><div class=\"o-posts-grid-post-blog o-posts-grid-post-plain\"><div class=\"o-posts-grid-post\"><div class=\"o-posts-grid-post-image\"><a href=\"https:\/\/mediateca.ravalnet.org\/capsules\/2016\/05\/09\/las-pieceras-antonia\/\"><img loading=\"lazy\" decoding=\"async\" width=\"540\" height=\"405\" src=\"https:\/\/mediateca.ravalnet.org\/senyalem\/wp-content\/uploads\/\/sites\/6\/2022\/08\/captura_antonia_1_4021239_2811807_6328717.png\" class=\"attachment-neve-blog size-neve-blog\" alt=\"Las Pieceras. Ant\u00f2nia\" srcset=\"https:\/\/mediateca.ravalnet.org\/senyalem\/wp-content\/uploads\/\/sites\/6\/2022\/08\/captura_antonia_1_4021239_2811807_6328717.png 540w, https:\/\/mediateca.ravalnet.org\/senyalem\/wp-content\/uploads\/\/sites\/6\/2022\/08\/captura_antonia_1_4021239_2811807_6328717-300x225.png 300w\" sizes=\"(max-width: 540px) 100vw, 540px\" \/><\/a><\/div><div class=\"o-posts-grid-post-body\"><h3 class=\"o-posts-grid-post-title\"><a href=\"https:\/\/mediateca.ravalnet.org\/capsules\/2016\/05\/09\/las-pieceras-antonia\/\">Las Pieceras. Ant\u00f2nia<\/a><\/h3><p class=\"o-posts-grid-post-meta\"><\/p><div class=\"o-posts-grid-post-description\"><p>L&#039;Ant\u00f2nia va viure sempre al POBLE SEC al carrer Roser. Els pares tenien una botiga de g\u00e8neres de pu\u2026<\/p><\/div><\/div><\/div><\/div><div class=\"o-posts-grid-post-blog o-posts-grid-post-plain\"><div class=\"o-posts-grid-post\"><div class=\"o-posts-grid-post-image\"><a href=\"https:\/\/mediateca.ravalnet.org\/capsules\/2016\/05\/04\/las-pieceras-lola\/\"><img loading=\"lazy\" decoding=\"async\" width=\"529\" height=\"298\" src=\"https:\/\/mediateca.ravalnet.org\/senyalem\/wp-content\/uploads\/\/sites\/6\/2022\/08\/Captura-de-pantalla-de-lola_pieceras.flv_6626928_4575475.png\" class=\"attachment-neve-blog size-neve-blog\" alt=\"Las Pieceras. Lola\" srcset=\"https:\/\/mediateca.ravalnet.org\/senyalem\/wp-content\/uploads\/\/sites\/6\/2022\/08\/Captura-de-pantalla-de-lola_pieceras.flv_6626928_4575475.png 529w, https:\/\/mediateca.ravalnet.org\/senyalem\/wp-content\/uploads\/\/sites\/6\/2022\/08\/Captura-de-pantalla-de-lola_pieceras.flv_6626928_4575475-300x169.png 300w\" sizes=\"(max-width: 529px) 100vw, 529px\" \/><\/a><\/div><div class=\"o-posts-grid-post-body\"><h3 class=\"o-posts-grid-post-title\"><a href=\"https:\/\/mediateca.ravalnet.org\/capsules\/2016\/05\/04\/las-pieceras-lola\/\">Las Pieceras. Lola<\/a><\/h3><p class=\"o-posts-grid-post-meta\"> \/ 1 comment<\/p><div class=\"o-posts-grid-post-description\"><p>Lola llego de Castellon en el 1955, paso de realizar los trabajos tipicos de la vida de campo a trab\u2026<\/p><\/div><\/div><\/div><\/div><div class=\"o-posts-grid-post-blog o-posts-grid-post-plain\"><div class=\"o-posts-grid-post\"><div class=\"o-posts-grid-post-image\"><a href=\"https:\/\/mediateca.ravalnet.org\/capsules\/2015\/12\/02\/las-pieceras-maria-casas-2\/\"><img loading=\"lazy\" decoding=\"async\" width=\"853\" height=\"480\" src=\"https:\/\/mediateca.ravalnet.org\/senyalem\/wp-content\/uploads\/\/sites\/6\/2022\/08\/Captura-de-pantalla-de-mariacasas.mp4_9975835.png\" class=\"attachment-neve-blog size-neve-blog\" alt=\"Las Pieceras.  Maria Casas\" srcset=\"https:\/\/mediateca.ravalnet.org\/senyalem\/wp-content\/uploads\/\/sites\/6\/2022\/08\/Captura-de-pantalla-de-mariacasas.mp4_9975835.png 853w, https:\/\/mediateca.ravalnet.org\/senyalem\/wp-content\/uploads\/\/sites\/6\/2022\/08\/Captura-de-pantalla-de-mariacasas.mp4_9975835-300x169.png 300w, https:\/\/mediateca.ravalnet.org\/senyalem\/wp-content\/uploads\/\/sites\/6\/2022\/08\/Captura-de-pantalla-de-mariacasas.mp4_9975835-768x432.png 768w\" sizes=\"(max-width: 853px) 100vw, 853px\" \/><\/a><\/div><div class=\"o-posts-grid-post-body\"><h3 class=\"o-posts-grid-post-title\"><a href=\"https:\/\/mediateca.ravalnet.org\/capsules\/2015\/12\/02\/las-pieceras-maria-casas-2\/\">Las Pieceras.  Maria Casas<\/a><\/h3><p class=\"o-posts-grid-post-meta\"><\/p><div class=\"o-posts-grid-post-description\"><p>La Maria, va n\u00e9ixer al carrer d\u2019en Robador al Barri del Raval. A ella li hagu\u00e9s agradat estudiar dib\u2026<\/p><\/div><\/div><\/div><\/div><div class=\"o-posts-grid-post-blog o-posts-grid-post-plain\"><div class=\"o-posts-grid-post\"><div class=\"o-posts-grid-post-image\"><a href=\"https:\/\/mediateca.ravalnet.org\/capsules\/2015\/07\/31\/las-pieceras-clara\/\"><img loading=\"lazy\" decoding=\"async\" width=\"930\" height=\"620\" src=\"https:\/\/mediateca.ravalnet.org\/senyalem\/wp-content\/uploads\/\/sites\/6\/2022\/08\/Captura-de-2015-10-16-185239_8801301-930x620.png\" class=\"attachment-neve-blog size-neve-blog\" alt=\"Las Pieceras. Clara\" \/><\/a><\/div><div class=\"o-posts-grid-post-body\"><h3 class=\"o-posts-grid-post-title\"><a href=\"https:\/\/mediateca.ravalnet.org\/capsules\/2015\/07\/31\/las-pieceras-clara\/\">Las Pieceras. Clara<\/a><\/h3><p class=\"o-posts-grid-post-meta\"><\/p><div class=\"o-posts-grid-post-description\"><p>La Clara amb 12 anys va comen\u00e7ar a treballar, va aprendre dos oficis que m\u00e9s endavant li van ser \u00fati\u2026<\/p><\/div><\/div><\/div><\/div><\/div> <\/div>","protected":false},"excerpt":{"rendered":"<p>Us donem la benvinguda a Senyalem la Mem\u00f2ria Considerem de gran import\u00e0ncia la tasca d\u2019identificar i senyalitzar les empremtes que queden impreses en l\u2019espai actual per a la construcci\u00f3 d\u2019una mem\u00f2ria col\u00b7lectiva i participativa diversa, aix\u00ed com visibilitzar la feina que est\u00e0 duent a terme la Mediateca en la construcci\u00f3 i transmissi\u00f3 de la mem\u00f2ria&hellip;&nbsp;<a href=\"https:\/\/mediateca.ravalnet.org\/senyalem\/\" rel=\"bookmark\">Llegiu m\u00e9s &raquo;<span class=\"screen-reader-text\"><\/span><\/a><\/p>\n","protected":false},"author":3,"featured_media":0,"parent":0,"menu_order":0,"comment_status":"closed","ping_status":"open","template":"","meta":{"neve_meta_sidebar":"full-width","neve_meta_container":"contained","neve_meta_enable_content_width":"","neve_meta_content_width":0,"neve_meta_title_alignment":"center","neve_meta_author_avatar":"","neve_post_elements_order":"","neve_meta_disable_header":"","neve_meta_disable_footer":"","neve_meta_disable_title":"","_themeisle_gutenberg_block_has_review":false,"footnotes":""},"class_list":["post-215","page","type-page","status-publish","hentry"],"_links":{"self":[{"href":"https:\/\/mediateca.ravalnet.org\/senyalem\/wp-json\/wp\/v2\/pages\/215","targetHints":{"allow":["GET"]}}],"collection":[{"href":"https:\/\/mediateca.ravalnet.org\/senyalem\/wp-json\/wp\/v2\/pages"}],"about":[{"href":"https:\/\/mediateca.ravalnet.org\/senyalem\/wp-json\/wp\/v2\/types\/page"}],"author":[{"embeddable":true,"href":"https:\/\/mediateca.ravalnet.org\/senyalem\/wp-json\/wp\/v2\/users\/3"}],"replies":[{"embeddable":true,"href":"https:\/\/mediateca.ravalnet.org\/senyalem\/wp-json\/wp\/v2\/comments?post=215"}],"version-history":[{"count":42,"href":"https:\/\/mediateca.ravalnet.org\/senyalem\/wp-json\/wp\/v2\/pages\/215\/revisions"}],"predecessor-version":[{"id":1053,"href":"https:\/\/mediateca.ravalnet.org\/senyalem\/wp-json\/wp\/v2\/pages\/215\/revisions\/1053"}],"wp:attachment":[{"href":"https:\/\/mediateca.ravalnet.org\/senyalem\/wp-json\/wp\/v2\/media?parent=215"}],"curies":[{"name":"wp","href":"https:\/\/api.w.org\/{rel}","templated":true}]}}