{"id":23,"date":"2013-07-02T10:38:37","date_gmt":"2013-07-02T09:38:37","guid":{"rendered":"http:\/\/mediateca.ravalnet.org\/senyalem\/?page_id=23"},"modified":"2015-03-03T19:57:23","modified_gmt":"2015-03-03T18:57:23","slug":"projecte","status":"publish","type":"page","link":"https:\/\/mediateca.ravalnet.org\/senyalem\/projecte\/","title":{"rendered":"Senyalem la Mem\u00f2ria"},"content":{"rendered":"<p style=\"text-align: justify;\">El projecte <b>Senyalem la mem\u00f2ria<\/b> s&#8217;emmarca en la col\u00b7laboraci\u00f3 iniciada el gener de 2013 entre Plataforma Territoris Oblidats (Pensant Moviment Urb\u00e0) i el projecte marc de la Mediateca del Raval (Ravalnet) que s&#8217;est\u00e0 duent a terme en col\u00b7laboraci\u00f3 amb diferents entitats, col\u00b7lectius i persones del barri del Raval. En aquest context i dins de les tasques de recollir, arxivar i difondre el material del fons de documentaci\u00f3 de la mediateca, la intervenci\u00f3 de Territoris Oblidats est\u00e0 enfocada a establir un possible <b>di\u00e0leg entre el material documental i l&#8217;espai urb\u00e0<\/b> actual del barri, amb l&#8217; objectiu de visibilitzar la mem\u00f2ria quotidiana, l&#8217;experi\u00e8ncia i la transformaci\u00f3 del barri, a trav\u00e9s dels relats i documents de la mediateca.<\/p>\n<p style=\"text-align: justify;\"><a href=\"https:\/\/mediateca.ravalnet.org\/senyalem\/territoris-oblidats\/\"><img loading=\"lazy\" decoding=\"async\" class=\"size-medium wp-image-47 alignleft\" style=\"margin-top: 40px; margin-bottom: 40px;\" alt=\"Imatge Territoris\" src=\"https:\/\/mediateca.ravalnet.org\/senyalem\/wp-content\/uploads\/sites\/6\/2013\/07\/punt_4_territoris-300x116.jpg\" width=\"300\" height=\"116\" srcset=\"https:\/\/mediateca.ravalnet.org\/senyalem\/wp-content\/uploads\/\/sites\/6\/2013\/07\/punt_4_territoris-300x116.jpg 300w, https:\/\/mediateca.ravalnet.org\/senyalem\/wp-content\/uploads\/\/sites\/6\/2013\/07\/punt_4_territoris-1024x396.jpg 1024w, https:\/\/mediateca.ravalnet.org\/senyalem\/wp-content\/uploads\/\/sites\/6\/2013\/07\/punt_4_territoris-900x348.jpg 900w, https:\/\/mediateca.ravalnet.org\/senyalem\/wp-content\/uploads\/\/sites\/6\/2013\/07\/punt_4_territoris.jpg 1831w\" sizes=\"auto, (max-width: 300px) 100vw, 300px\" \/><\/a>S&#8217;activaran <b>grups de treball intergeneracional<\/b> que reflexionin sobre com donar sortida i coneixement al material recopilat per la Mediateca a l&#8217;espai urb\u00e0 del barri del Raval, a trav\u00e9s d&#8217;una <b>pr\u00e0ctica art\u00edstica d&#8217;intervenci\u00f3 comunit\u00e0ria<\/b>. L&#8217;equip de Territoris Oblidats aportar\u00e0 els seus coneixements i la seva experi\u00e8ncia perqu\u00e8 el material documental recollit pel grup de treball surti al carrer, senyalitzant aquests espais f\u00edsics o simb\u00f2lics oblidats, les hist\u00f2ries quotidianes i records del barri que doten de significat l&#8217;espai urb\u00e0 i que pot ser un mitj\u00e0 de coneixement i intercanvi entre les diferents cultures que habiten avui aquest espai en constant transformaci\u00f3.<\/p>\n<p><a href=\"https:\/\/mediateca.ravalnet.org\/senyalem\/mediateca-del-raval\/\"><img loading=\"lazy\" decoding=\"async\" class=\"size-medium wp-image-51 alignleft\" style=\"margin-top: 20px; margin-bottom: 20px;\" alt=\"logo Mediateca\" src=\"https:\/\/mediateca.ravalnet.org\/senyalem\/wp-content\/uploads\/sites\/6\/2013\/07\/logoMediateca-300x300.png\" width=\"300\" height=\"300\" srcset=\"https:\/\/mediateca.ravalnet.org\/senyalem\/wp-content\/uploads\/\/sites\/6\/2013\/07\/logoMediateca-300x300.png 300w, https:\/\/mediateca.ravalnet.org\/senyalem\/wp-content\/uploads\/\/sites\/6\/2013\/07\/logoMediateca-150x150.png 150w, https:\/\/mediateca.ravalnet.org\/senyalem\/wp-content\/uploads\/\/sites\/6\/2013\/07\/logoMediateca-624x624.png 624w, https:\/\/mediateca.ravalnet.org\/senyalem\/wp-content\/uploads\/\/sites\/6\/2013\/07\/logoMediateca.png 662w\" sizes=\"auto, (max-width: 300px) 100vw, 300px\" \/><\/a><\/p>\n<p style=\"text-align: justify;\">La proposta consisteix en que els i les participants desenvolupin narracions a de l&#8217;arxiu digital de la Mediateca i de nous materials que seran generats, un cop recopilat el material es triar\u00e0 un conjunt d&#8217;espais per als quals es produir\u00e0 un (o diversos) <b>dispositiu(s) de senyalitzaci\u00f3 f\u00edsica que ens permeti traslladar els records i les experi\u00e8ncies de la vida quotidiana del barri al seu context f\u00edsic o simb\u00f2lic actual.<\/b> Per a aix\u00f2 es dur\u00e0 a terme una metodologia participativa amb activitats com el mapeig social-urb\u00e0, recorreguts participatius, identificaci\u00f3 de diferents senyal\u00edstiques a l&#8217;espai p\u00fablic i l&#8217;an\u00e0lisi de formes d&#8217;expressi\u00f3 art\u00edstica contempor\u00e0nies vinculades a l&#8217;espai urb\u00e0 del Barri del Raval.<\/p>\n<p style=\"text-align: justify;\">A part del dispositiu f\u00edsic de senyalitzaci\u00f3, s&#8217;estudiar\u00e0 la viabilitat de la <b>utilitzaci\u00f3 del codi QR i\/o la creaci\u00f3 d&#8217;una APP <\/b>gratu\u00efta per a dispositius m\u00f2bils (smartphones, tauletes, etc.) espec\u00edfica del projecte, tecnologies que a trav\u00e9s de m\u00e8todes de localitzaci\u00f3 poden activar la consulta d&#8217;informaci\u00f3 m\u00e9s detallada del lloc, establint vincles amb continguts concrets allotjats a la Mediateca del Raval.<\/p>\n<p>&nbsp;<\/p>\n","protected":false},"excerpt":{"rendered":"<p>El projecte Senyalem la mem\u00f2ria s&#8217;emmarca en la col\u00b7laboraci\u00f3 iniciada el gener de 2013 entre Plataforma Territoris Oblidats (Pensant Moviment Urb\u00e0) i el projecte marc de la Mediateca del Raval (Ravalnet) que s&#8217;est\u00e0 duent a terme en col\u00b7laboraci\u00f3 amb diferents entitats, col\u00b7lectius i persones del barri del Raval. En aquest context i dins de les&hellip;&nbsp;<a href=\"https:\/\/mediateca.ravalnet.org\/senyalem\/projecte\/\" rel=\"bookmark\">Llegiu m\u00e9s &raquo;<span class=\"screen-reader-text\">Senyalem la Mem\u00f2ria<\/span><\/a><\/p>\n","protected":false},"author":74,"featured_media":0,"parent":0,"menu_order":0,"comment_status":"open","ping_status":"closed","template":"full-width-widgets.php","meta":{"neve_meta_sidebar":"","neve_meta_container":"","neve_meta_enable_content_width":"","neve_meta_content_width":0,"neve_meta_title_alignment":"","neve_meta_author_avatar":"","neve_post_elements_order":"","neve_meta_disable_header":"","neve_meta_disable_footer":"","neve_meta_disable_title":"","_themeisle_gutenberg_block_has_review":false,"footnotes":""},"class_list":["post-23","page","type-page","status-publish","hentry"],"_links":{"self":[{"href":"https:\/\/mediateca.ravalnet.org\/senyalem\/wp-json\/wp\/v2\/pages\/23","targetHints":{"allow":["GET"]}}],"collection":[{"href":"https:\/\/mediateca.ravalnet.org\/senyalem\/wp-json\/wp\/v2\/pages"}],"about":[{"href":"https:\/\/mediateca.ravalnet.org\/senyalem\/wp-json\/wp\/v2\/types\/page"}],"author":[{"embeddable":true,"href":"https:\/\/mediateca.ravalnet.org\/senyalem\/wp-json\/wp\/v2\/users\/74"}],"replies":[{"embeddable":true,"href":"https:\/\/mediateca.ravalnet.org\/senyalem\/wp-json\/wp\/v2\/comments?post=23"}],"version-history":[{"count":28,"href":"https:\/\/mediateca.ravalnet.org\/senyalem\/wp-json\/wp\/v2\/pages\/23\/revisions"}],"predecessor-version":[{"id":343,"href":"https:\/\/mediateca.ravalnet.org\/senyalem\/wp-json\/wp\/v2\/pages\/23\/revisions\/343"}],"wp:attachment":[{"href":"https:\/\/mediateca.ravalnet.org\/senyalem\/wp-json\/wp\/v2\/media?parent=23"}],"curies":[{"name":"wp","href":"https:\/\/api.w.org\/{rel}","templated":true}]}}