{"id":27,"date":"2013-07-02T10:42:33","date_gmt":"2013-07-02T09:42:33","guid":{"rendered":"http:\/\/mediateca.ravalnet.org\/senyalem\/?page_id=27"},"modified":"2015-02-06T20:17:19","modified_gmt":"2015-02-06T19:17:19","slug":"mediateca-del-raval","status":"publish","type":"page","link":"https:\/\/mediateca.ravalnet.org\/senyalem\/mediateca-del-raval\/","title":{"rendered":"Mediateca del Raval"},"content":{"rendered":"<p style=\"text-align: justify;\"><b><a href=\"https:\/\/mediateca.ravalnet.org\/senyalem\/wp-content\/uploads\/sites\/6\/2013\/07\/logoMediateca.png\"><img loading=\"lazy\" decoding=\"async\" class=\"size-medium wp-image-51 alignleft\" alt=\"logoMediateca\" src=\"https:\/\/mediateca.ravalnet.org\/senyalem\/wp-content\/uploads\/sites\/6\/2013\/07\/logoMediateca-300x300.png\" width=\"300\" height=\"300\" srcset=\"https:\/\/mediateca.ravalnet.org\/senyalem\/wp-content\/uploads\/\/sites\/6\/2013\/07\/logoMediateca-300x300.png 300w, https:\/\/mediateca.ravalnet.org\/senyalem\/wp-content\/uploads\/\/sites\/6\/2013\/07\/logoMediateca-150x150.png 150w, https:\/\/mediateca.ravalnet.org\/senyalem\/wp-content\/uploads\/\/sites\/6\/2013\/07\/logoMediateca-624x624.png 624w, https:\/\/mediateca.ravalnet.org\/senyalem\/wp-content\/uploads\/\/sites\/6\/2013\/07\/logoMediateca.png 662w\" sizes=\"auto, (max-width: 300px) 100vw, 300px\" \/><\/a><\/b>El projecte de la Mediateca del Raval es basa en la creaci\u00f3 col\u00b7lectiva d\u2019una mediateca participativa al Raval de Barcelona, que esdevingui una mem\u00f2ria activa, din\u00e0mica i viva de les hist\u00f2ries, mem\u00f2ries i representacions culturals dels diversos col\u00b7lectius, entitats i xarxes que formen part i configuren el barri.<\/p>\n<p style=\"text-align: justify;\">La Mediateca del Raval vol ser un espai digital en l\u00ednia, viu i obert a la participaci\u00f3, elaborat amb eines de programari lliure. Vol ser una mirada alerta i que s&#8217;adapti a les din\u00e0miques i necessitats de cada grup, entitat o xarxa participant del projecte. Vol ser un reflex dels contextos de canvi i emerg\u00e8ncia del moment contemporani. Vol ser un espai col\u00b7lectiu per l&#8217;intercanvi de la diversitat de mem\u00f2ries i produccions del nostre barri. Vol ser un fons de materials i cultura viva que entenem \u00e9s necessari recollir, arxivar i difondre.<\/p>\n<p style=\"text-align: justify;\">\u00a0L&#8217;any 2009, Ravalnet, la Xarxa Ciutadana del Raval, inici\u00e0 el projecte de la \u201cMediateca del Raval\u201d, una iniciativa que vol digitalitzar, documentar, arxivar i difondre per Internet les mem\u00f2ries de les entitats, projectes i ve\u00efns i ve\u00efnes del barri. Per a fer aix\u00f2 possible <b>oferim les eines tecnol\u00f2giques <\/b>basades en la filosofia del programari lliure. Conscients que el seu \u00fas requereix de coneixements t\u00e8cnics, des dels inicis, es pos\u00e0 a disposici\u00f3 de les persones interessades <b>el recolzament d&#8217;una persona tant a nivell de dinamitzaci\u00f3 de la participaci\u00f3, com de la formaci\u00f3 i acompanyament en l&#8217;\u00fas de les eines i la creaci\u00f3 i publicaci\u00f3 de continguts<\/b>.<\/p>\n<p style=\"text-align: justify;\">Entenem la Mediateca com <b>un espai obert a la participaci\u00f3 i a la consulta dels continguts<\/b>, pensat per a que tothom pugui consultar els continguts i reflexions lliurement i esdevingui un espai digital que reuneixi les aportacions de les gents del barri, convertint-se en un valu\u00f3s material pedag\u00f2gic entorn la construcci\u00f3 col\u00b7lectiva de la mem\u00f2ria.<\/p>\n<p style=\"text-align: justify;\">\n","protected":false},"excerpt":{"rendered":"<p>El projecte de la Mediateca del Raval es basa en la creaci\u00f3 col\u00b7lectiva d\u2019una mediateca participativa al Raval de Barcelona, que esdevingui una mem\u00f2ria activa, din\u00e0mica i viva de les hist\u00f2ries, mem\u00f2ries i representacions culturals dels diversos col\u00b7lectius, entitats i xarxes que formen part i configuren el barri. La Mediateca del Raval vol ser un&hellip;&nbsp;<a href=\"https:\/\/mediateca.ravalnet.org\/senyalem\/mediateca-del-raval\/\" rel=\"bookmark\">Llegiu m\u00e9s &raquo;<span class=\"screen-reader-text\">Mediateca del Raval<\/span><\/a><\/p>\n","protected":false},"author":74,"featured_media":0,"parent":0,"menu_order":4,"comment_status":"open","ping_status":"closed","template":"full-width-widgets.php","meta":{"neve_meta_sidebar":"","neve_meta_container":"","neve_meta_enable_content_width":"","neve_meta_content_width":0,"neve_meta_title_alignment":"","neve_meta_author_avatar":"","neve_post_elements_order":"","neve_meta_disable_header":"","neve_meta_disable_footer":"","neve_meta_disable_title":"","_themeisle_gutenberg_block_has_review":false,"footnotes":""},"class_list":["post-27","page","type-page","status-publish","hentry"],"_links":{"self":[{"href":"https:\/\/mediateca.ravalnet.org\/senyalem\/wp-json\/wp\/v2\/pages\/27","targetHints":{"allow":["GET"]}}],"collection":[{"href":"https:\/\/mediateca.ravalnet.org\/senyalem\/wp-json\/wp\/v2\/pages"}],"about":[{"href":"https:\/\/mediateca.ravalnet.org\/senyalem\/wp-json\/wp\/v2\/types\/page"}],"author":[{"embeddable":true,"href":"https:\/\/mediateca.ravalnet.org\/senyalem\/wp-json\/wp\/v2\/users\/74"}],"replies":[{"embeddable":true,"href":"https:\/\/mediateca.ravalnet.org\/senyalem\/wp-json\/wp\/v2\/comments?post=27"}],"version-history":[{"count":7,"href":"https:\/\/mediateca.ravalnet.org\/senyalem\/wp-json\/wp\/v2\/pages\/27\/revisions"}],"predecessor-version":[{"id":50,"href":"https:\/\/mediateca.ravalnet.org\/senyalem\/wp-json\/wp\/v2\/pages\/27\/revisions\/50"}],"wp:attachment":[{"href":"https:\/\/mediateca.ravalnet.org\/senyalem\/wp-json\/wp\/v2\/media?parent=27"}],"curies":[{"name":"wp","href":"https:\/\/api.w.org\/{rel}","templated":true}]}}